{"id":2523,"date":"2020-08-13T17:24:56","date_gmt":"2020-08-13T16:24:56","guid":{"rendered":"https:\/\/starmans.nl\/?page_id=2523"},"modified":"2020-08-13T17:25:55","modified_gmt":"2020-08-13T16:25:55","slug":"vakantie-frankrijk-2012","status":"publish","type":"page","link":"https:\/\/starmans.nl\/?page_id=2523","title":{"rendered":"Zomervakantie Frankrijk 2012"},"content":{"rendered":"<p><strong><em>In 2012 willen wij naar het westen van Frankrijk. Naar Normandi\u00eb, Bretagne en de Mayenne. In Normandi\u00eb bezoeken wij o.a. Sainte-M\u00e8re-\u00c9glise daar waar de eerste geallieerden zijn geland in 1944.<\/em><\/strong><\/p>\n<p><iframe title=\"Zomervakantie Frankrijk 2012\" width=\"500\" height=\"281\" data-src=\"https:\/\/www.youtube.com\/embed\/ghhTcb4-qcw?feature=oembed\" frameborder=\"0\" allow=\"accelerometer; autoplay; clipboard-write; encrypted-media; gyroscope; picture-in-picture; web-share\" referrerpolicy=\"strict-origin-when-cross-origin\" allowfullscreen src=\"data:image\/svg+xml;base64,PHN2ZyB3aWR0aD0iMSIgaGVpZ2h0PSIxIiB4bWxucz0iaHR0cDovL3d3dy53My5vcmcvMjAwMC9zdmciPjwvc3ZnPg==\" class=\"lazyload\" data-load-mode=\"1\"><\/iframe><\/p>\n","protected":false},"excerpt":{"rendered":"<p>In 2012 willen wij naar het westen van Frankrijk. Naar Normandi\u00eb, Bretagne en de Mayenne. In Normandi\u00eb bezoeken wij o.a. Sainte-M\u00e8re-\u00c9glise daar waar de eerste [&hellip;]<\/p>\n","protected":false},"author":1,"featured_media":0,"parent":67,"menu_order":0,"comment_status":"closed","ping_status":"closed","template":"","meta":{"_crdt_document":"","om_disable_all_campaigns":false,"_monsterinsights_skip_tracking":false,"_monsterinsights_sitenote_active":false,"_monsterinsights_sitenote_note":"","_monsterinsights_sitenote_category":0,"_themeisle_gutenberg_block_has_review":false,"footnotes":""},"class_list":["post-2523","page","type-page","status-publish","hentry"],"aioseo_notices":[],"_links":{"self":[{"href":"https:\/\/starmans.nl\/index.php?rest_route=\/wp\/v2\/pages\/2523","targetHints":{"allow":["GET"]}}],"collection":[{"href":"https:\/\/starmans.nl\/index.php?rest_route=\/wp\/v2\/pages"}],"about":[{"href":"https:\/\/starmans.nl\/index.php?rest_route=\/wp\/v2\/types\/page"}],"author":[{"embeddable":true,"href":"https:\/\/starmans.nl\/index.php?rest_route=\/wp\/v2\/users\/1"}],"replies":[{"embeddable":true,"href":"https:\/\/starmans.nl\/index.php?rest_route=%2Fwp%2Fv2%2Fcomments&post=2523"}],"version-history":[{"count":2,"href":"https:\/\/starmans.nl\/index.php?rest_route=\/wp\/v2\/pages\/2523\/revisions"}],"predecessor-version":[{"id":2525,"href":"https:\/\/starmans.nl\/index.php?rest_route=\/wp\/v2\/pages\/2523\/revisions\/2525"}],"up":[{"embeddable":true,"href":"https:\/\/starmans.nl\/index.php?rest_route=\/wp\/v2\/pages\/67"}],"wp:attachment":[{"href":"https:\/\/starmans.nl\/index.php?rest_route=%2Fwp%2Fv2%2Fmedia&parent=2523"}],"curies":[{"name":"wp","href":"https:\/\/api.w.org\/{rel}","templated":true}]}}